{"id":3743,"date":"2022-10-19T11:13:57","date_gmt":"2022-10-19T09:13:57","guid":{"rendered":"https:\/\/www.sct-ceramics.com\/?page_id=3743"},"modified":"2022-10-19T14:58:06","modified_gmt":"2022-10-19T12:58:06","slug":"send-us-your-resume","status":"publish","type":"page","link":"https:\/\/www.sct-ceramics.com\/en\/send-us-your-resume\/","title":{"rendered":"Send us your resume"},"content":{"rendered":"\n<div class=\"wp-block-columns is-layout-flex wp-container-core-columns-is-layout-9d6595d7 wp-block-columns-is-layout-flex\">\n<div class=\"wp-block-column is-layout-flow wp-block-column-is-layout-flow\" style=\"flex-basis:20%\"><\/div>\n\n\n\n<div class=\"wp-block-column is-layout-flow wp-block-column-is-layout-flow\" style=\"flex-basis:60%\">\n<p class=\"has-text-align-center\">Would you like to<strong> send us your CV<\/strong> ? <br>Please fill out the below form.<\/p>\n\n\n\n<div style=\"height:30px\" aria-hidden=\"true\" class=\"wp-block-spacer\"><\/div>\n\n\n\n<div class=\"wp-block-contact-form-7-contact-form-selector\">\n<div class=\"wpcf7 no-js\" id=\"wpcf7-f3687-o1\" lang=\"fr-FR\" dir=\"ltr\" data-wpcf7-id=\"3687\">\n<div class=\"screen-reader-response\"><p role=\"status\" aria-live=\"polite\" aria-atomic=\"true\"><\/p> <ul><\/ul><\/div>\n<form action=\"\/en\/wp-json\/wp\/v2\/pages\/3743#wpcf7-f3687-o1\" method=\"post\" class=\"wpcf7-form init\" aria-label=\"Formulaire de contact\" enctype=\"multipart\/form-data\" novalidate=\"novalidate\" data-status=\"init\">\n<fieldset class=\"hidden-fields-container\"><input type=\"hidden\" name=\"_wpcf7\" value=\"3687\" \/><input type=\"hidden\" name=\"_wpcf7_version\" value=\"6.1.5\" \/><input type=\"hidden\" name=\"_wpcf7_locale\" value=\"fr_FR\" \/><input type=\"hidden\" name=\"_wpcf7_unit_tag\" value=\"wpcf7-f3687-o1\" \/><input type=\"hidden\" name=\"_wpcf7_container_post\" value=\"0\" \/><input type=\"hidden\" name=\"_wpcf7_posted_data_hash\" value=\"\" \/>\n<\/fieldset>\n<div class=\"grid has-gutter gutter-l\">\n\t<p><label> Nom <span class=\"red\">*<\/span><br \/>\n<span class=\"wpcf7-form-control-wrap\" data-name=\"nom\"><input size=\"40\" maxlength=\"400\" class=\"wpcf7-form-control wpcf7-text wpcf7-validates-as-required\" aria-required=\"true\" aria-invalid=\"false\" value=\"\" type=\"text\" name=\"nom\" \/><\/span> <\/label><br \/>\n<label> Pr\u00e9nom<br \/>\n<span class=\"wpcf7-form-control-wrap\" data-name=\"prenom\"><input size=\"40\" maxlength=\"400\" class=\"wpcf7-form-control wpcf7-text\" aria-invalid=\"false\" value=\"\" type=\"text\" name=\"prenom\" \/><\/span> <\/label>\n\t<\/p>\n<\/div>\n<p><label> Votre adresse de messagerie <span class=\"red\">*<\/span><br \/>\n<span class=\"wpcf7-form-control-wrap\" data-name=\"email\"><input size=\"40\" maxlength=\"400\" class=\"wpcf7-form-control wpcf7-email wpcf7-validates-as-required wpcf7-text wpcf7-validates-as-email\" aria-required=\"true\" aria-invalid=\"false\" value=\"\" type=\"email\" name=\"email\" \/><\/span> <\/label>\n<\/p>\n<p><label> Num\u00e9ro de t\u00e9l\u00e9phone<br \/>\n<span class=\"wpcf7-form-control-wrap\" data-name=\"tel\"><input size=\"40\" maxlength=\"400\" class=\"wpcf7-form-control wpcf7-text\" aria-invalid=\"false\" value=\"\" type=\"text\" name=\"tel\" \/><\/span> <\/label>\n<\/p>\n<div class=\"grid\">\n\t<p><label>D\u00e9poser votre CV <span class=\"red\">*<\/span><br \/>\n<span class=\"wpcf7-form-control-wrap\" data-name=\"file-cv\"><input size=\"40\" class=\"wpcf7-form-control wpcf7-file wpcf7-validates-as-required\" accept=\"image\/*,.txt,application\/pdf\" aria-required=\"true\" aria-invalid=\"false\" type=\"file\" name=\"file-cv\" \/><\/span><\/label><br \/>\n<label>D\u00e9poser votre lettre de motivation<br \/>\n<span class=\"wpcf7-form-control-wrap\" data-name=\"file-motivation\"><input size=\"40\" class=\"wpcf7-form-control wpcf7-file\" accept=\"image\/*,.txt,application\/pdf\" aria-invalid=\"false\" type=\"file\" name=\"file-motivation\" \/><\/span><\/label>\n\t<\/p>\n<\/div>\n<p><label> Votre message<br \/>\n<span class=\"wpcf7-form-control-wrap\" data-name=\"your-message\"><textarea cols=\"40\" rows=\"10\" maxlength=\"2000\" class=\"wpcf7-form-control wpcf7-textarea\" aria-invalid=\"false\" name=\"your-message\"><\/textarea><\/span> <\/label>\n<\/p>\n<p style=\"text-align:center\"><input class=\"wpcf7-form-control wpcf7-submit has-spinner\" type=\"submit\" value=\"Envoyer votre candidature\" \/>\n<\/p><div class=\"wpcf7-response-output\" aria-hidden=\"true\"><\/div>\n<\/form>\n<\/div>\n<\/div>\n<\/div>\n\n\n\n<div class=\"wp-block-column is-layout-flow wp-block-column-is-layout-flow\" style=\"flex-basis:20%\"><\/div>\n<\/div>\n","protected":false},"excerpt":{"rendered":"<p>Would you like to send us your CV ? Please fill out the below form.<\/p>\n","protected":false},"author":1,"featured_media":3690,"parent":0,"menu_order":0,"comment_status":"closed","ping_status":"closed","template":"","meta":{"_acf_changed":false,"_seopress_robots_primary_cat":"","_seopress_titles_title":"","_seopress_titles_desc":"","_seopress_robots_index":"","footnotes":""},"class_list":["post-3743","page","type-page","status-publish","has-post-thumbnail","hentry"],"acf":[],"_links":{"self":[{"href":"https:\/\/www.sct-ceramics.com\/en\/wp-json\/wp\/v2\/pages\/3743","targetHints":{"allow":["GET"]}}],"collection":[{"href":"https:\/\/www.sct-ceramics.com\/en\/wp-json\/wp\/v2\/pages"}],"about":[{"href":"https:\/\/www.sct-ceramics.com\/en\/wp-json\/wp\/v2\/types\/page"}],"author":[{"embeddable":true,"href":"https:\/\/www.sct-ceramics.com\/en\/wp-json\/wp\/v2\/users\/1"}],"replies":[{"embeddable":true,"href":"https:\/\/www.sct-ceramics.com\/en\/wp-json\/wp\/v2\/comments?post=3743"}],"version-history":[{"count":2,"href":"https:\/\/www.sct-ceramics.com\/en\/wp-json\/wp\/v2\/pages\/3743\/revisions"}],"predecessor-version":[{"id":3745,"href":"https:\/\/www.sct-ceramics.com\/en\/wp-json\/wp\/v2\/pages\/3743\/revisions\/3745"}],"wp:featuredmedia":[{"embeddable":true,"href":"https:\/\/www.sct-ceramics.com\/en\/wp-json\/wp\/v2\/media\/3690"}],"wp:attachment":[{"href":"https:\/\/www.sct-ceramics.com\/en\/wp-json\/wp\/v2\/media?parent=3743"}],"curies":[{"name":"wp","href":"https:\/\/api.w.org\/{rel}","templated":true}]}}